{"id":879,"date":"2023-05-04T10:15:26","date_gmt":"2023-05-04T10:15:26","guid":{"rendered":"https:\/\/foldersai.com\/?page_id=879"},"modified":"2023-10-17T13:01:35","modified_gmt":"2023-10-17T13:01:35","slug":"aviso-legal","status":"publish","type":"page","link":"https:\/\/foldersai.com\/en\/aviso-legal\/","title":{"rendered":"Legal Notice"},"content":{"rendered":"<p>In compliance with article 10 of Law 34\/2002, of 11 July, on Information Society Services and Electronic Commerce (LSSICE), the entity's identification details are given below:<\/p>\n<div><strong>Company name:<\/strong>\u00a0Enzo Ingenieros, S.L.<\/div>\n<div><strong>VAT NUMBER:<\/strong>\u00a0B16788846<\/div>\n<div><strong>Address:<\/strong>\u00a0Calle Rosal\u00eda de Castro, 121 - 30107 - Guadalupe - Murcia - Spain<\/div>\n<div><strong>Email:<\/strong>\u00a0info@foldersai.com<\/div>\n<h4>PURPOSE OF THE WEBSITE<\/h4>\n<div>\n<div>To report on the company's activities.<\/div>\n<\/div>\n<div>\n<div>\n<div>This legal notice (hereinafter, the \"Legal Notice\") regulates the use of the website: www.foldersai.com<\/div>\n<\/div>\n<\/div>\n<h4>LEGISLATION<\/h4>\n<div>\n<div>In general the relationship between ENZO INGENIEROS, S.L. and the users of its telematic services, present in this web site, are subject to Spanish legislation and jurisdiction.<\/div>\n<\/div>\n<div>\n<h4>USE AND USER ACCESS<\/h4>\n<div>\n<div>The user is informed and accepts that access to this website does not imply, in any way, the beginning of a commercial relationship with ENZO INGENIEROS, S.L. or any of its delegations.<\/div>\n<\/div>\n<\/div>\n<div>\n<h4>INTELLECTUAL AND INDUSTRIAL PROPERTY<\/h4>\n<div>\n<div>The intellectual property rights of the content of the web pages, its graphic design and codes are owned by ENZO INGENIEROS, S.L. and, therefore, its reproduction, distribution, public communication, transformation or any other activity that can be carried out with the contents of its web pages is forbidden, not even quoting the sources, without the written consent of ENZO INGENIEROS, S.L.<\/div>\n<\/div>\n<div>\n<h4>WEB CONTENT AND LINKS<\/h4>\n<div>\n<div>ENZO INGENIEROS, S.L. reserves the right to update, modify or delete the information contained in its web pages and may even limit or deny access to such information to certain users.<\/div>\n<\/div>\n<\/div>\n<\/div>\n<div><\/div>\n<div>\n<div>\n<div>ENZO INGENIEROS, S.L. does not assume any responsibility for the information contained in third party web pages that can be accessed by \"links\" or links from any web page owned by ENZO INGENIEROS, S.L. . The presence of links on the web pages of ENZO INGENIEROS, S.L. is for information purposes only and in no case is a suggestion, invitation or recommendation about them.<\/div>\n<\/div>\n<\/div>","protected":false},"excerpt":{"rendered":"<p>In compliance with Article 10 of Law 34\/2002, of 11 July, on Information Society Services and Electronic Commerce (LSSICE), the following are the identifying details of the entity: Company name: Enzo Ingenieros, S.L. CIF: B16788846 Address: Calle Rosal\u00eda de Castro, 121 - 30107 - Guadalupe - Murcia - Spain Email: info@foldersai.com PURPOSE ...<\/p>\n<p class=\"read-more\"> <a class=\"\" href=\"https:\/\/foldersai.com\/en\/aviso-legal\/\"> <span class=\"screen-reader-text\">Legal Notice<\/span> Read More \"<\/a><\/p>","protected":false},"author":1,"featured_media":0,"parent":0,"menu_order":0,"comment_status":"closed","ping_status":"closed","template":"","meta":{"_monsterinsights_skip_tracking":false,"_monsterinsights_sitenote_active":false,"_monsterinsights_sitenote_note":"","_monsterinsights_sitenote_category":0,"site-sidebar-layout":"default","site-content-layout":"default","ast-global-header-display":"","ast-main-header-display":"","ast-hfb-above-header-display":"","ast-hfb-below-header-display":"","ast-hfb-mobile-header-display":"","site-post-title":"","ast-breadcrumbs-content":"","ast-featured-img":"","footer-sml-layout":"","theme-transparent-header-meta":"","adv-header-id-meta":"","stick-header-meta":"","header-above-stick-meta":"","header-main-stick-meta":"","header-below-stick-meta":"","footnotes":""},"class_list":["post-879","page","type-page","status-publish","hentry"],"yoast_head":"<!-- This site is optimized with the Yoast SEO Premium plugin v19.4 (Yoast SEO v20.5) - https:\/\/yoast.com\/wordpress\/plugins\/seo\/ -->\n<title>Aviso Legal - FoldersAI<\/title>\n<meta name=\"robots\" content=\"index, follow, max-snippet:-1, max-image-preview:large, max-video-preview:-1\" \/>\n<link rel=\"canonical\" href=\"https:\/\/foldersai.com\/en\/aviso-legal\/\" \/>\n<meta property=\"og:locale\" content=\"en_GB\" \/>\n<meta property=\"og:type\" content=\"article\" \/>\n<meta property=\"og:title\" content=\"Aviso Legal\" \/>\n<meta property=\"og:description\" content=\"En cumplimiento del art\u00edculo 10 de la Ley 34\/2002, de 11 de julio, de Servicios de la Sociedad de la Informaci\u00f3n y Comercio Electr\u00f3nico (LSSICE) a continuaci\u00f3n se detallan los datos identificativos de la entidad: Raz\u00f3n social:\u00a0Enzo Ingenieros, S.L. CIF:\u00a0B16788846 Direcci\u00f3n:\u00a0Calle Rosal\u00eda de Castro, 121 \u2013 30107 \u2013 Guadalupe \u2013 Murcia \u2013 Espa\u00f1a Email:\u00a0info@foldersai.com FINALIDAD &hellip; Aviso Legal Read More &raquo;\" \/>\n<meta property=\"og:url\" content=\"https:\/\/foldersai.com\/en\/aviso-legal\/\" \/>\n<meta property=\"og:site_name\" content=\"FoldersAI\" \/>\n<meta property=\"article:modified_time\" content=\"2023-10-17T13:01:35+00:00\" \/>\n<meta name=\"twitter:card\" content=\"summary_large_image\" \/>\n<meta name=\"twitter:label1\" content=\"Estimated reading time\" \/>\n\t<meta name=\"twitter:data1\" content=\"2 minutes\" \/>\n<script type=\"application\/ld+json\" class=\"yoast-schema-graph\">{\"@context\":\"https:\/\/schema.org\",\"@graph\":[{\"@type\":\"WebPage\",\"@id\":\"https:\/\/foldersai.com\/aviso-legal\/\",\"url\":\"https:\/\/foldersai.com\/aviso-legal\/\",\"name\":\"Aviso Legal - FoldersAI\",\"isPartOf\":{\"@id\":\"https:\/\/foldersai.com\/#website\"},\"datePublished\":\"2023-05-04T10:15:26+00:00\",\"dateModified\":\"2023-10-17T13:01:35+00:00\",\"breadcrumb\":{\"@id\":\"https:\/\/foldersai.com\/aviso-legal\/#breadcrumb\"},\"inLanguage\":\"en-GB\",\"potentialAction\":[{\"@type\":\"ReadAction\",\"target\":[\"https:\/\/foldersai.com\/aviso-legal\/\"]}]},{\"@type\":\"BreadcrumbList\",\"@id\":\"https:\/\/foldersai.com\/aviso-legal\/#breadcrumb\",\"itemListElement\":[{\"@type\":\"ListItem\",\"position\":1,\"name\":\"Portada\",\"item\":\"https:\/\/foldersai.com\/\"},{\"@type\":\"ListItem\",\"position\":2,\"name\":\"Aviso Legal\"}]},{\"@type\":\"WebSite\",\"@id\":\"https:\/\/foldersai.com\/#website\",\"url\":\"https:\/\/foldersai.com\/\",\"name\":\"FoldersAI\",\"description\":\"It&#039;s time to talk to your documents - The best AI for chating with your documents\",\"publisher\":{\"@id\":\"https:\/\/foldersai.com\/#organization\"},\"alternateName\":\"FilesGPT\",\"potentialAction\":[{\"@type\":\"SearchAction\",\"target\":{\"@type\":\"EntryPoint\",\"urlTemplate\":\"https:\/\/foldersai.com\/?s={search_term_string}\"},\"query-input\":\"required name=search_term_string\"}],\"inLanguage\":\"en-GB\"},{\"@type\":\"Organization\",\"@id\":\"https:\/\/foldersai.com\/#organization\",\"name\":\"FilesGPT\",\"alternateName\":\"FilesGPT\",\"url\":\"https:\/\/foldersai.com\/\",\"logo\":{\"@type\":\"ImageObject\",\"inLanguage\":\"en-GB\",\"@id\":\"https:\/\/foldersai.com\/#\/schema\/logo\/image\/\",\"url\":\"https:\/\/foldersai.com\/wp-content\/uploads\/2023\/05\/Logo_dark_screen.png\",\"contentUrl\":\"https:\/\/foldersai.com\/wp-content\/uploads\/2023\/05\/Logo_dark_screen.png\",\"width\":392,\"height\":130,\"caption\":\"FilesGPT\"},\"image\":{\"@id\":\"https:\/\/foldersai.com\/#\/schema\/logo\/image\/\"}}]}<\/script>\n<!-- \/ Yoast SEO Premium plugin. -->","yoast_head_json":{"title":"Aviso Legal - FoldersAI","robots":{"index":"index","follow":"follow","max-snippet":"max-snippet:-1","max-image-preview":"max-image-preview:large","max-video-preview":"max-video-preview:-1"},"canonical":"https:\/\/foldersai.com\/en\/aviso-legal\/","og_locale":"en_GB","og_type":"article","og_title":"Aviso Legal","og_description":"En cumplimiento del art\u00edculo 10 de la Ley 34\/2002, de 11 de julio, de Servicios de la Sociedad de la Informaci\u00f3n y Comercio Electr\u00f3nico (LSSICE) a continuaci\u00f3n se detallan los datos identificativos de la entidad: Raz\u00f3n social:\u00a0Enzo Ingenieros, S.L. CIF:\u00a0B16788846 Direcci\u00f3n:\u00a0Calle Rosal\u00eda de Castro, 121 \u2013 30107 \u2013 Guadalupe \u2013 Murcia \u2013 Espa\u00f1a Email:\u00a0info@foldersai.com FINALIDAD &hellip; Aviso Legal Read More &raquo;","og_url":"https:\/\/foldersai.com\/en\/aviso-legal\/","og_site_name":"FoldersAI","article_modified_time":"2023-10-17T13:01:35+00:00","twitter_card":"summary_large_image","twitter_misc":{"Estimated reading time":"2 minutes"},"schema":{"@context":"https:\/\/schema.org","@graph":[{"@type":"WebPage","@id":"https:\/\/foldersai.com\/aviso-legal\/","url":"https:\/\/foldersai.com\/aviso-legal\/","name":"Aviso Legal - FoldersAI","isPartOf":{"@id":"https:\/\/foldersai.com\/#website"},"datePublished":"2023-05-04T10:15:26+00:00","dateModified":"2023-10-17T13:01:35+00:00","breadcrumb":{"@id":"https:\/\/foldersai.com\/aviso-legal\/#breadcrumb"},"inLanguage":"en-GB","potentialAction":[{"@type":"ReadAction","target":["https:\/\/foldersai.com\/aviso-legal\/"]}]},{"@type":"BreadcrumbList","@id":"https:\/\/foldersai.com\/aviso-legal\/#breadcrumb","itemListElement":[{"@type":"ListItem","position":1,"name":"Portada","item":"https:\/\/foldersai.com\/"},{"@type":"ListItem","position":2,"name":"Aviso Legal"}]},{"@type":"WebSite","@id":"https:\/\/foldersai.com\/#website","url":"https:\/\/foldersai.com\/","name":"FoldersAI","description":"It&#039;s time to talk to your documents - The best AI for chating with your documents","publisher":{"@id":"https:\/\/foldersai.com\/#organization"},"alternateName":"FilesGPT","potentialAction":[{"@type":"SearchAction","target":{"@type":"EntryPoint","urlTemplate":"https:\/\/foldersai.com\/?s={search_term_string}"},"query-input":"required name=search_term_string"}],"inLanguage":"en-GB"},{"@type":"Organization","@id":"https:\/\/foldersai.com\/#organization","name":"FilesGPT","alternateName":"FilesGPT","url":"https:\/\/foldersai.com\/","logo":{"@type":"ImageObject","inLanguage":"en-GB","@id":"https:\/\/foldersai.com\/#\/schema\/logo\/image\/","url":"https:\/\/foldersai.com\/wp-content\/uploads\/2023\/05\/Logo_dark_screen.png","contentUrl":"https:\/\/foldersai.com\/wp-content\/uploads\/2023\/05\/Logo_dark_screen.png","width":392,"height":130,"caption":"FilesGPT"},"image":{"@id":"https:\/\/foldersai.com\/#\/schema\/logo\/image\/"}}]}},"_links":{"self":[{"href":"https:\/\/foldersai.com\/en\/wp-json\/wp\/v2\/pages\/879","targetHints":{"allow":["GET"]}}],"collection":[{"href":"https:\/\/foldersai.com\/en\/wp-json\/wp\/v2\/pages"}],"about":[{"href":"https:\/\/foldersai.com\/en\/wp-json\/wp\/v2\/types\/page"}],"author":[{"embeddable":true,"href":"https:\/\/foldersai.com\/en\/wp-json\/wp\/v2\/users\/1"}],"replies":[{"embeddable":true,"href":"https:\/\/foldersai.com\/en\/wp-json\/wp\/v2\/comments?post=879"}],"version-history":[{"count":4,"href":"https:\/\/foldersai.com\/en\/wp-json\/wp\/v2\/pages\/879\/revisions"}],"predecessor-version":[{"id":1039,"href":"https:\/\/foldersai.com\/en\/wp-json\/wp\/v2\/pages\/879\/revisions\/1039"}],"wp:attachment":[{"href":"https:\/\/foldersai.com\/en\/wp-json\/wp\/v2\/media?parent=879"}],"curies":[{"name":"wp","href":"https:\/\/api.w.org\/{rel}","templated":true}]}}