{"id":881,"date":"2023-05-04T10:16:54","date_gmt":"2023-05-04T10:16:54","guid":{"rendered":"https:\/\/foldersai.com\/?page_id=881"},"modified":"2023-05-09T17:04:58","modified_gmt":"2023-05-09T17:04:58","slug":"declaracion-de-privacidad","status":"publish","type":"page","link":"https:\/\/foldersai.com\/en\/declaracion-de-privacidad\/","title":{"rendered":"Privacy statement"},"content":{"rendered":"<div><p><i>This privacy statement applies to citizens and permanent legal residents of the European Economic Area and Switzerland.<\/i><br><\/p><p><\/p><p>In this privacy statement, we explain what we do with the data that we collect about you through <a href=\"https:\/\/foldersai.com\/en\/\">https:\/\/www.foldersai.com<\/a>. We recommend that you read this statement carefully. In our processing we comply with the requirements of privacy legislation. This means, among other things, that:<\/p><ul>\n                <li>we clearly indicate the purposes for which we process personal data. We do this by means of this privacy statement.<\/li>\n                <li>we aim to limit our collection of personal data to personal data necessary for legitimate purposes;<\/li>\n                <li>First of all, we ask for your explicit consent to the processing of your personal data where necessary.<\/li>\n                <li>We take appropriate security measures to protect your personal data and we also require this of parties who process personal data on our behalf;<\/li>\n                <li>we respect your right to access, rectify or delete your personal data upon request.<\/li>\n            <\/ul><p>If you have any questions or want to know exactly what data we store about you, please contact us.<\/p><p><\/p><h3>1. Purpose, data and retention period<\/h3>We may collect or receive personal information for a number of purposes related to our business operations, which may include the following: (click to expand) &nbsp;<details class=\"cmplz-dropdown dropdown-privacy-statement\"><summary><div><h3>1.1 Collection and analysis of statistics for the improvement of the web.<\/h3><\/div><\/summary><p class=\"cmplz-subtitle\">We use the following data for this purpose:<\/p><p><\/p><ul><li>IP address<\/li><li>Location<\/li><\/ul><p><\/p><p class=\"cmplz-subtitle\">The basis on which we can process this data is:<\/p><p><a target=\"_blank\" rel=\"noopener noreferrer nofollow\" href=\"https:\/\/cookiedatabase.org\/legal-bases\/#consent\">After consent has been given. <\/a><\/p><p class=\"cmplz-subtitle\">Retention period<\/p><p>We will retain this data until the service is cancelled.<\/p><\/details><h3>2. Cookies<\/h3><p>Our website uses cookies. For more information about cookies, please refer to our <a href=\"https:\/\/foldersai.com\/en\/politica-de-cookies-ue\/\">Cookies policy<\/a>.&nbsp;<\/p><p>We have a Data Processing Agreement with Google.<\/p><p>Google may not use the data for other Google services.<\/p><p>The inclusion of full IP addresses is blocked by us.<\/p><h3>3. Security<\/h3><p>We are committed to the security of personal data. We take appropriate security measures to limit misuse and unauthorised access to personal data. This ensures that only necessary persons have access to your data, that access to data is protected and that our security measures are regularly reviewed.<\/p><h3>4. Third-party websites<\/h3><p>This privacy statement does not apply to third party websites linked to our website. We cannot guarantee that these third parties handle your personal data reliably or securely. We recommend that you read the privacy statements of these websites before using them.<\/p><h3>5. Changes to this privacy statement<\/h3><p>We reserve the right to make amendments to this privacy statement. It is recommended that you consult this privacy statement regularly to be aware of any changes. In addition, we will actively inform you whenever possible.<\/p><h3>6. Accessing and modifying your data<\/h3><p>If you have any questions or would like to know what personal data we hold about you, please contact us. You can contact us using the following information. You have the following rights:<\/p><ul>\n                <li>You have the right to know why your personal data is needed, what will happen to it and how long it will be kept.<\/li>\n                <li>Right of access: You have the right to access the personal data we hold about you.<\/li>\n                <li>Right of rectification: you have the right to complete, rectify, erase or block your personal data at any time.<\/li>\n                <li>If you give us your consent to process your data, you have the right to revoke this consent and to have your personal data deleted.<\/li>\n                <li>Right to transfer your data: you have the right to request all your personal data from the controller and to transfer it in full to another data controller.<\/li>\n                <li>Right to object: You can object to the processing of your data. We comply with this, unless there are justified grounds for the processing.<\/li>\n            <\/ul><p>Please make sure that you always clearly indicate who you are, so that we can be sure that we do not change or delete any data from the wrong person.<\/p><h3>7. Submitting a complaint<\/h3><p>If you are dissatisfied with the way we handle or process your personal data, you have the right to lodge a complaint with the Data Protection Authority.<\/p><h3>8. Contact details<\/h3><p>Enzo Ingenieros, S.L.<br>\n        Calle Rosalia de Castro, 121<br>\n30107, Guadeloupe<br>\nMurcia<br>\nSpain<br>\n        Spain<br>\n        Web: <a href=\"https:\/\/www.enzoingenieros.com\/\">https:\/\/www.enzoingenieros.com<\/a> <br>\n        E-mail: <span>info@foldersai.com<\/span> <br>\n\n\t\t\n\t<\/div>","protected":false},"excerpt":{"rendered":"<p>This privacy statement applies to citizens and permanent legal residents of the European Economic Area and Switzerland. In this privacy statement, we explain what we do with the data we collect about you through https:\/\/www.foldersai.com. We encourage you to read this statement carefully. In our processing we comply with the requirements of the ...<\/p>\n<p class=\"read-more\"> <a class=\"\" href=\"https:\/\/foldersai.com\/en\/declaracion-de-privacidad\/\"> <span class=\"screen-reader-text\">Privacy statement<\/span> Read More \"<\/a><\/p>","protected":false},"author":1,"featured_media":0,"parent":0,"menu_order":0,"comment_status":"closed","ping_status":"closed","template":"","meta":{"_monsterinsights_skip_tracking":false,"_monsterinsights_sitenote_active":false,"_monsterinsights_sitenote_note":"","_monsterinsights_sitenote_category":0,"site-sidebar-layout":"default","site-content-layout":"default","ast-global-header-display":"","ast-main-header-display":"","ast-hfb-above-header-display":"","ast-hfb-below-header-display":"","ast-hfb-mobile-header-display":"","site-post-title":"","ast-breadcrumbs-content":"","ast-featured-img":"","footer-sml-layout":"","theme-transparent-header-meta":"","adv-header-id-meta":"","stick-header-meta":"","header-above-stick-meta":"","header-main-stick-meta":"","header-below-stick-meta":"","footnotes":""},"class_list":["post-881","page","type-page","status-publish","hentry"],"yoast_head":"<!-- This site is optimized with the Yoast SEO Premium plugin v19.4 (Yoast SEO v20.5) - https:\/\/yoast.com\/wordpress\/plugins\/seo\/ -->\n<title>Declaraci\u00f3n de privacidad - FoldersAI<\/title>\n<meta name=\"robots\" content=\"index, follow, max-snippet:-1, max-image-preview:large, max-video-preview:-1\" \/>\n<link rel=\"canonical\" href=\"https:\/\/foldersai.com\/en\/declaracion-de-privacidad\/\" \/>\n<meta property=\"og:locale\" content=\"en_GB\" \/>\n<meta property=\"og:type\" content=\"article\" \/>\n<meta property=\"og:title\" content=\"Declaraci\u00f3n de privacidad\" \/>\n<meta property=\"og:description\" content=\"Esta declaraci\u00f3n de privacidad se aplica a los ciudadanos y residentes legales permanentes del Espacio Econ\u00f3mico Europeo y Suiza. En esta declaraci\u00f3n de privacidad, explicamos lo que hacemos con los datos que obtenemos sobre usted a trav\u00e9s de https:\/\/www.foldersai.com. Le recomendamos que lea atentamente esta declaraci\u00f3n. En nuestro procesamiento cumplimos con los requisitos de la &hellip; Declaraci\u00f3n de privacidad Read More &raquo;\" \/>\n<meta property=\"og:url\" content=\"https:\/\/foldersai.com\/en\/declaracion-de-privacidad\/\" \/>\n<meta property=\"og:site_name\" content=\"FoldersAI\" \/>\n<meta property=\"article:modified_time\" content=\"2023-05-09T17:04:58+00:00\" \/>\n<meta name=\"twitter:card\" content=\"summary_large_image\" \/>\n<meta name=\"twitter:label1\" content=\"Estimated reading time\" \/>\n\t<meta name=\"twitter:data1\" content=\"4 minutes\" \/>\n<script type=\"application\/ld+json\" class=\"yoast-schema-graph\">{\"@context\":\"https:\/\/schema.org\",\"@graph\":[{\"@type\":\"WebPage\",\"@id\":\"https:\/\/foldersai.com\/declaracion-de-privacidad\/\",\"url\":\"https:\/\/foldersai.com\/declaracion-de-privacidad\/\",\"name\":\"Declaraci\u00f3n de privacidad - FoldersAI\",\"isPartOf\":{\"@id\":\"https:\/\/foldersai.com\/#website\"},\"datePublished\":\"2023-05-04T10:16:54+00:00\",\"dateModified\":\"2023-05-09T17:04:58+00:00\",\"breadcrumb\":{\"@id\":\"https:\/\/foldersai.com\/declaracion-de-privacidad\/#breadcrumb\"},\"inLanguage\":\"en-GB\",\"potentialAction\":[{\"@type\":\"ReadAction\",\"target\":[\"https:\/\/foldersai.com\/declaracion-de-privacidad\/\"]}]},{\"@type\":\"BreadcrumbList\",\"@id\":\"https:\/\/foldersai.com\/declaracion-de-privacidad\/#breadcrumb\",\"itemListElement\":[{\"@type\":\"ListItem\",\"position\":1,\"name\":\"Portada\",\"item\":\"https:\/\/foldersai.com\/\"},{\"@type\":\"ListItem\",\"position\":2,\"name\":\"Declaraci\u00f3n de privacidad\"}]},{\"@type\":\"WebSite\",\"@id\":\"https:\/\/foldersai.com\/#website\",\"url\":\"https:\/\/foldersai.com\/\",\"name\":\"FoldersAI\",\"description\":\"It&#039;s time to talk to your documents - The best AI for chating with your documents\",\"publisher\":{\"@id\":\"https:\/\/foldersai.com\/#organization\"},\"alternateName\":\"FilesGPT\",\"potentialAction\":[{\"@type\":\"SearchAction\",\"target\":{\"@type\":\"EntryPoint\",\"urlTemplate\":\"https:\/\/foldersai.com\/?s={search_term_string}\"},\"query-input\":\"required name=search_term_string\"}],\"inLanguage\":\"en-GB\"},{\"@type\":\"Organization\",\"@id\":\"https:\/\/foldersai.com\/#organization\",\"name\":\"FilesGPT\",\"alternateName\":\"FilesGPT\",\"url\":\"https:\/\/foldersai.com\/\",\"logo\":{\"@type\":\"ImageObject\",\"inLanguage\":\"en-GB\",\"@id\":\"https:\/\/foldersai.com\/#\/schema\/logo\/image\/\",\"url\":\"https:\/\/foldersai.com\/wp-content\/uploads\/2023\/05\/Logo_dark_screen.png\",\"contentUrl\":\"https:\/\/foldersai.com\/wp-content\/uploads\/2023\/05\/Logo_dark_screen.png\",\"width\":392,\"height\":130,\"caption\":\"FilesGPT\"},\"image\":{\"@id\":\"https:\/\/foldersai.com\/#\/schema\/logo\/image\/\"}}]}<\/script>\n<!-- \/ Yoast SEO Premium plugin. -->","yoast_head_json":{"title":"Declaraci\u00f3n de privacidad - FoldersAI","robots":{"index":"index","follow":"follow","max-snippet":"max-snippet:-1","max-image-preview":"max-image-preview:large","max-video-preview":"max-video-preview:-1"},"canonical":"https:\/\/foldersai.com\/en\/declaracion-de-privacidad\/","og_locale":"en_GB","og_type":"article","og_title":"Declaraci\u00f3n de privacidad","og_description":"Esta declaraci\u00f3n de privacidad se aplica a los ciudadanos y residentes legales permanentes del Espacio Econ\u00f3mico Europeo y Suiza. En esta declaraci\u00f3n de privacidad, explicamos lo que hacemos con los datos que obtenemos sobre usted a trav\u00e9s de https:\/\/www.foldersai.com. Le recomendamos que lea atentamente esta declaraci\u00f3n. En nuestro procesamiento cumplimos con los requisitos de la &hellip; Declaraci\u00f3n de privacidad Read More &raquo;","og_url":"https:\/\/foldersai.com\/en\/declaracion-de-privacidad\/","og_site_name":"FoldersAI","article_modified_time":"2023-05-09T17:04:58+00:00","twitter_card":"summary_large_image","twitter_misc":{"Estimated reading time":"4 minutes"},"schema":{"@context":"https:\/\/schema.org","@graph":[{"@type":"WebPage","@id":"https:\/\/foldersai.com\/declaracion-de-privacidad\/","url":"https:\/\/foldersai.com\/declaracion-de-privacidad\/","name":"Declaraci\u00f3n de privacidad - FoldersAI","isPartOf":{"@id":"https:\/\/foldersai.com\/#website"},"datePublished":"2023-05-04T10:16:54+00:00","dateModified":"2023-05-09T17:04:58+00:00","breadcrumb":{"@id":"https:\/\/foldersai.com\/declaracion-de-privacidad\/#breadcrumb"},"inLanguage":"en-GB","potentialAction":[{"@type":"ReadAction","target":["https:\/\/foldersai.com\/declaracion-de-privacidad\/"]}]},{"@type":"BreadcrumbList","@id":"https:\/\/foldersai.com\/declaracion-de-privacidad\/#breadcrumb","itemListElement":[{"@type":"ListItem","position":1,"name":"Portada","item":"https:\/\/foldersai.com\/"},{"@type":"ListItem","position":2,"name":"Declaraci\u00f3n de privacidad"}]},{"@type":"WebSite","@id":"https:\/\/foldersai.com\/#website","url":"https:\/\/foldersai.com\/","name":"FoldersAI","description":"It&#039;s time to talk to your documents - The best AI for chating with your documents","publisher":{"@id":"https:\/\/foldersai.com\/#organization"},"alternateName":"FilesGPT","potentialAction":[{"@type":"SearchAction","target":{"@type":"EntryPoint","urlTemplate":"https:\/\/foldersai.com\/?s={search_term_string}"},"query-input":"required name=search_term_string"}],"inLanguage":"en-GB"},{"@type":"Organization","@id":"https:\/\/foldersai.com\/#organization","name":"FilesGPT","alternateName":"FilesGPT","url":"https:\/\/foldersai.com\/","logo":{"@type":"ImageObject","inLanguage":"en-GB","@id":"https:\/\/foldersai.com\/#\/schema\/logo\/image\/","url":"https:\/\/foldersai.com\/wp-content\/uploads\/2023\/05\/Logo_dark_screen.png","contentUrl":"https:\/\/foldersai.com\/wp-content\/uploads\/2023\/05\/Logo_dark_screen.png","width":392,"height":130,"caption":"FilesGPT"},"image":{"@id":"https:\/\/foldersai.com\/#\/schema\/logo\/image\/"}}]}},"_links":{"self":[{"href":"https:\/\/foldersai.com\/en\/wp-json\/wp\/v2\/pages\/881","targetHints":{"allow":["GET"]}}],"collection":[{"href":"https:\/\/foldersai.com\/en\/wp-json\/wp\/v2\/pages"}],"about":[{"href":"https:\/\/foldersai.com\/en\/wp-json\/wp\/v2\/types\/page"}],"author":[{"embeddable":true,"href":"https:\/\/foldersai.com\/en\/wp-json\/wp\/v2\/users\/1"}],"replies":[{"embeddable":true,"href":"https:\/\/foldersai.com\/en\/wp-json\/wp\/v2\/comments?post=881"}],"version-history":[{"count":2,"href":"https:\/\/foldersai.com\/en\/wp-json\/wp\/v2\/pages\/881\/revisions"}],"predecessor-version":[{"id":955,"href":"https:\/\/foldersai.com\/en\/wp-json\/wp\/v2\/pages\/881\/revisions\/955"}],"wp:attachment":[{"href":"https:\/\/foldersai.com\/en\/wp-json\/wp\/v2\/media?parent=881"}],"curies":[{"name":"wp","href":"https:\/\/api.w.org\/{rel}","templated":true}]}}